{"id":9449,"date":"2025-03-15T13:11:37","date_gmt":"2025-03-15T12:11:37","guid":{"rendered":"https:\/\/losolvidadospost.com\/?page_id=9449"},"modified":"2025-03-15T17:47:32","modified_gmt":"2025-03-15T16:47:32","slug":"9449-2","status":"publish","type":"page","link":"https:\/\/losolvidadospost.com\/index.php\/9449-2\/","title":{"rendered":"NOSOTROS"},"content":{"rendered":"\t\t<div data-elementor-type=\"wp-page\" data-elementor-id=\"9449\" class=\"elementor elementor-9449\">\n\t\t\t\t<div class=\"elementor-element elementor-element-451af76b e-con-full e-grid qodef-elementor-content-no e-con e-parent\" data-id=\"451af76b\" data-element_type=\"container\" data-settings=\"{&quot;background_background&quot;:&quot;slideshow&quot;,&quot;background_slideshow_gallery&quot;:[],&quot;background_slideshow_loop&quot;:&quot;yes&quot;,&quot;background_slideshow_slide_duration&quot;:5000,&quot;background_slideshow_slide_transition&quot;:&quot;fade&quot;,&quot;background_slideshow_transition_duration&quot;:500}\">\n\t\t\t\t<div class=\"elementor-element elementor-element-5023893 elementor-widget elementor-widget-button\" data-id=\"5023893\" data-element_type=\"widget\" data-widget_type=\"button.default\">\n\t\t\t\t<div class=\"elementor-widget-container\">\n\t\t\t\t\t\t\t\t\t<div class=\"elementor-button-wrapper\">\n\t\t\t\t\t<a class=\"elementor-button elementor-button-link elementor-size-sm\" href=\"https:\/\/clarammalagelada.com\/\" target=\"_blank\">\n\t\t\t\t\t\t<span class=\"elementor-button-content-wrapper\">\n\t\t\t\t\t\t\t\t\t<span class=\"elementor-button-text\">www.clarammalagelada.com<\/span>\n\t\t\t\t\t<\/span>\n\t\t\t\t\t<\/a>\n\t\t\t\t<\/div>\n\t\t\t\t\t\t\t\t<\/div>\n\t\t\t\t<\/div>\n\t\t\t\t<\/div>\n\t\t<div class=\"elementor-element elementor-element-73a369b e-con-full e-flex qodef-elementor-content-no e-con e-parent\" data-id=\"73a369b\" data-element_type=\"container\">\n\t\t<div class=\"elementor-element elementor-element-4669869 e-con-full e-flex qodef-elementor-content-no e-con e-child\" data-id=\"4669869\" data-element_type=\"container\">\n\t\t\t\t<div class=\"elementor-element elementor-element-a8848d4 elementor-widget elementor-widget-text-editor\" data-id=\"a8848d4\" data-element_type=\"widget\" data-widget_type=\"text-editor.default\">\n\t\t\t\t<div class=\"elementor-widget-container\">\n\t\t\t\t\t\t\t\t\t<p><strong>Clara Mart\u00ednez Malagelada es montadora y licenciada en filosof\u00eda. Trabaja en la edici\u00f3n de pel\u00edculas de ficci\u00f3n, documentales y series y, mientras sigue su aprendizaje en el arte de la narrativa del montaje, crea su propia empresa de postproducci\u00f3n i producci\u00f3n: Los Olvidados Post i Producci\u00f3n.<\/strong><\/p><div><p dir=\"ltr\">Ha montado <em>Sanmao, la novia del desierto<\/em> (Marta Arribas, Ana P\u00e9rez, 2020), documental producido por Edmon Roch (Ikiru Films), y ha sido montadora adicional de <em>Blindfold<\/em> (Daniel Fern\u00e1ndez Ca\u00f1adas, 2020), documental producido por ISB tv. Ayudante de montaje de Teresa Font en <em>El asesino de los caprichos<\/em> (Gerardo Herrero, 2019), y <em>Dolor y Gloria<\/em>, de Pedro Almod\u00f3var, producida por El Deseo.<\/p><p>En 2022 monta los largometrajes <i>Bajo Terapia<\/i>, dirigido y producido por Gerardo Herrero, y\u00a0<i>La Pecera<\/i>, de la directora Glorimar Marrero, producida por Solita Films. Tambi\u00e9n co monta el documental <i>Sinti\u00e9ndolo Mucho<\/i>, de Fernando Le\u00f3n de Aranoa, sobre el artista Joaqu\u00edn Sabina. As\u00ed como el largometraje documental\u00a0<i>La Mirada Oculta<\/i>, dirigido por Carlota Nelson y producido por Wanda Films.\u00a0<\/p><\/div>\t\t\t\t\t\t\t\t<\/div>\n\t\t\t\t<\/div>\n\t\t\t\t<\/div>\n\t\t<div class=\"elementor-element elementor-element-6b0a74b e-con-full e-flex qodef-elementor-content-no e-con e-child\" data-id=\"6b0a74b\" data-element_type=\"container\">\n\t\t\t\t<div class=\"elementor-element elementor-element-ec264a3 elementor-widget__width-initial elementor-widget elementor-widget-image\" data-id=\"ec264a3\" data-element_type=\"widget\" data-widget_type=\"image.default\">\n\t\t\t\t<div class=\"elementor-widget-container\">\n\t\t\t\t\t\t\t\t\t\t\t\t\t\t\t<img decoding=\"async\" src=\"https:\/\/losolvidadospost.com\/wp-content\/uploads\/elementor\/thumbs\/200621-CLARA_M-BN-ALTA-6654-scaled-r2w9diczpq6qsylxbkjvjrnaxr0e7e94rmk14f3wco.jpg\" title=\"200621-CLARA_M-BN-ALTA-6654\" alt=\"200621-CLARA_M-BN-ALTA-6654\" loading=\"lazy\" \/>\t\t\t\t\t\t\t\t\t\t\t\t\t\t\t<\/div>\n\t\t\t\t<\/div>\n\t\t\t\t<\/div>\n\t\t<div class=\"elementor-element elementor-element-a22d1b1 e-con-full e-flex qodef-elementor-content-no e-con e-child\" data-id=\"a22d1b1\" data-element_type=\"container\">\n\t\t\t\t<div class=\"elementor-element elementor-element-b820774 elementor-widget elementor-widget-text-editor\" data-id=\"b820774\" data-element_type=\"widget\" data-widget_type=\"text-editor.default\">\n\t\t\t\t<div class=\"elementor-widget-container\">\n\t\t\t\t\t\t\t\t\t<p>En 2023 monta el largometraje <i>La Abadesa<\/i>, de Antonio Chavarr\u00edas, producido por Wanda Films, y\u00a0<i>Raqa<\/i>, largometraje dirigido por Gerardo Herrero. En 2024 trabaja en <i>Nosotros<\/i>, de Helena Taberna, as\u00ed como en el montaje de\u00a0<i>Mariposas Negras<\/i>, largometraje de animaci\u00f3n de David Baute, producido por Ikiru Films, ganador del Premio Forqu\u00e9 a Mejor Pel\u00edcula de Animaci\u00f3n, ganador del Premio Gaud\u00ed a Mejor Pel\u00edcula de Animaci\u00f3n, y ganador del Goya 2025 a Mejor Pel\u00edcula de Animaci\u00f3n. Este mismo a\u00f1o monta los primeros cap\u00edtulos de <i>Olimpia<\/i>, serie dirigida por Gracia Querejeta, y\u00a0<i>D\u00eda de Caza<\/i>, largometraje dirigido por Pedro Aguilera.\u00a0<\/p>\n<p>En 2025 se embarca en el montaje del largometraje <i>Disforia<\/i>, de Christopher Cartagena, y el documental <em>En<\/em> <i>Silencio, la resiliencia de Isco Alarc\u00f3n<\/i>, dirigido por Sara S\u00e1lamo.\u00a0<\/p>\t\t\t\t\t\t\t\t<\/div>\n\t\t\t\t<\/div>\n\t\t\t\t<\/div>\n\t\t\t\t<\/div>\n\t\t<div class=\"elementor-element elementor-element-042f0c6 e-con-full e-flex qodef-elementor-content-no e-con e-parent\" data-id=\"042f0c6\" data-element_type=\"container\">\n\t\t\t\t<\/div>\n\t\t<div class=\"elementor-element elementor-element-acf8475 e-flex e-con-boxed qodef-elementor-content-no e-con e-parent\" data-id=\"acf8475\" data-element_type=\"container\">\n\t\t\t\t\t<div class=\"e-con-inner\">\n\t\t\t\t<div class=\"elementor-element elementor-element-e9d754d elementor-widget elementor-widget-spacer\" data-id=\"e9d754d\" data-element_type=\"widget\" data-widget_type=\"spacer.default\">\n\t\t\t\t<div class=\"elementor-widget-container\">\n\t\t\t\t\t\t\t<div class=\"elementor-spacer\">\n\t\t\t<div class=\"elementor-spacer-inner\"><\/div>\n\t\t<\/div>\n\t\t\t\t\t\t<\/div>\n\t\t\t\t<\/div>\n\t\t\t\t\t<\/div>\n\t\t\t\t<\/div>\n\t\t<div class=\"elementor-element elementor-element-bccde33 e-con-full e-flex qodef-elementor-content-no e-con e-parent\" data-id=\"bccde33\" data-element_type=\"container\">\n\t\t\t\t<div class=\"elementor-element elementor-element-d1b1e8a elementor-widget elementor-widget-video\" data-id=\"d1b1e8a\" data-element_type=\"widget\" data-settings=\"{&quot;video_type&quot;:&quot;vimeo&quot;}\" data-widget_type=\"video.default\">\n\t\t\t\t<div class=\"elementor-widget-container\">\n\t\t\t\t\t\t\t<div class=\"elementor-wrapper elementor-open-inline\">\n\t\t\t<iframe class=\"elementor-video-iframe\" allowfullscreen allow=\"clipboard-write\" title=\"Reproductor de v\u00eddeo vimeo\" src=\"https:\/\/player.vimeo.com\/video\/502119163?color&amp;autopause=0&amp;loop=0&amp;muted=0&amp;title=1&amp;portrait=1&amp;byline=1#t=\"><\/iframe>\t\t<\/div>\n\t\t\t\t\t\t<\/div>\n\t\t\t\t<\/div>\n\t\t\t\t<\/div>\n\t\t\t\t<\/div>\n\t\t","protected":false},"excerpt":{"rendered":"<p>www.clarammalagelada.com Clara Mart\u00ednez Malagelada es montadora y licenciada en filosof\u00eda. Trabaja en la edici\u00f3n de pel\u00edculas de ficci\u00f3n, documentales y series y, mientras sigue su aprendizaje en el arte de la narrativa del montaje, crea su propia empresa de postproducci\u00f3n i producci\u00f3n: Los Olvidados Post i Producci\u00f3n. Ha montado Sanmao, la novia del desierto (Marta [&hellip;]<\/p>\n","protected":false},"author":1,"featured_media":9451,"parent":0,"menu_order":0,"comment_status":"closed","ping_status":"closed","template":"","meta":{"footnotes":""},"class_list":["post-9449","page","type-page","status-publish","has-post-thumbnail","hentry"],"publishpress_future_action":{"enabled":false,"date":"2026-05-20 13:17:50","action":"change-status","newStatus":"draft","terms":[],"taxonomy":""},"publishpress_future_workflow_manual_trigger":{"enabledWorkflows":[]},"_links":{"self":[{"href":"https:\/\/losolvidadospost.com\/index.php\/wp-json\/wp\/v2\/pages\/9449","targetHints":{"allow":["GET"]}}],"collection":[{"href":"https:\/\/losolvidadospost.com\/index.php\/wp-json\/wp\/v2\/pages"}],"about":[{"href":"https:\/\/losolvidadospost.com\/index.php\/wp-json\/wp\/v2\/types\/page"}],"author":[{"embeddable":true,"href":"https:\/\/losolvidadospost.com\/index.php\/wp-json\/wp\/v2\/users\/1"}],"replies":[{"embeddable":true,"href":"https:\/\/losolvidadospost.com\/index.php\/wp-json\/wp\/v2\/comments?post=9449"}],"version-history":[{"count":33,"href":"https:\/\/losolvidadospost.com\/index.php\/wp-json\/wp\/v2\/pages\/9449\/revisions"}],"predecessor-version":[{"id":9487,"href":"https:\/\/losolvidadospost.com\/index.php\/wp-json\/wp\/v2\/pages\/9449\/revisions\/9487"}],"wp:featuredmedia":[{"embeddable":true,"href":"https:\/\/losolvidadospost.com\/index.php\/wp-json\/wp\/v2\/media\/9451"}],"wp:attachment":[{"href":"https:\/\/losolvidadospost.com\/index.php\/wp-json\/wp\/v2\/media?parent=9449"}],"curies":[{"name":"wp","href":"https:\/\/api.w.org\/{rel}","templated":true}]}}